{"id":3712,"date":"2020-04-29T10:14:43","date_gmt":"2020-04-29T14:14:43","guid":{"rendered":"https:\/\/staging.access-school.mysites.io\/?page_id=3712"},"modified":"2021-09-29T10:32:12","modified_gmt":"2021-09-29T14:32:12","slug":"ressources-covid","status":"publish","type":"page","link":"https:\/\/access.rsb.rt5.ca\/fr\/ressources-covid\/","title":{"rendered":"Ressources (COVID-19)"},"content":{"rendered":"<p>Ressources en ligne pour les \u00e9l\u00e8ves<\/p>\n<p>Coronavirus: Bien que nos centres soient actuellement ferm\u00e9s en raison de la pand\u00e9mie de la Covid-19, nous sommes toujours l\u00e0 pour vous! Le bien-\u00eatre de nos \u00e9l\u00e8ves est notre grande priorit\u00e9. Si vous avez besoin de parler avec un conseiller p\u00e9dagogique, un technicien en travail social ou un technicien en \u00e9ducation sp\u00e9cialis\u00e9e, veuillez utiliser le formulaire ci-dessous pour prendre rendez-vous.<\/p>\n<p>&nbsp;<\/p>\n","protected":false},"excerpt":{"rendered":"<p>Ressources en ligne pour les \u00e9l\u00e8ves Coronavirus: Bien que nos centres soient actuellement ferm\u00e9s en raison de &#8230;<\/p>\n","protected":false},"author":4,"featured_media":0,"parent":0,"menu_order":0,"comment_status":"closed","ping_status":"closed","template":"template-ressources.php","meta":[],"yoast_head":"<!-- This site is optimized with the Yoast SEO plugin v18.3 - https:\/\/yoast.com\/wordpress\/plugins\/seo\/ -->\n<title>Ressources (COVID-19) - Access<\/title>\n<meta name=\"robots\" content=\"index, follow, max-snippet:-1, max-image-preview:large, max-video-preview:-1\" \/>\n<link rel=\"canonical\" href=\"https:\/\/access.rsb.rt5.ca\/fr\/ressources-covid\/\" \/>\n<meta property=\"og:locale\" content=\"fr_FR\" \/>\n<meta property=\"og:type\" content=\"article\" \/>\n<meta property=\"og:title\" content=\"Ressources (COVID-19) - Access\" \/>\n<meta property=\"og:description\" content=\"Ressources en ligne pour les \u00e9l\u00e8ves Coronavirus: Bien que nos centres soient actuellement ferm\u00e9s en raison de ...\" \/>\n<meta property=\"og:url\" content=\"https:\/\/access.rsb.rt5.ca\/fr\/ressources-covid\/\" \/>\n<meta property=\"og:site_name\" content=\"Access\" \/>\n<meta property=\"article:modified_time\" content=\"2021-09-29T14:32:12+00:00\" \/>\n<meta name=\"twitter:card\" content=\"summary_large_image\" \/>\n<script type=\"application\/ld+json\" class=\"yoast-schema-graph\">{\"@context\":\"https:\/\/schema.org\",\"@graph\":[{\"@type\":\"WebSite\",\"@id\":\"https:\/\/access.rsb.rt5.ca\/#website\",\"url\":\"https:\/\/access.rsb.rt5.ca\/\",\"name\":\"Access\",\"description\":\"Brillant comme vous l&#039;\u00eates\",\"potentialAction\":[{\"@type\":\"SearchAction\",\"target\":{\"@type\":\"EntryPoint\",\"urlTemplate\":\"https:\/\/access.rsb.rt5.ca\/?s={search_term_string}\"},\"query-input\":\"required name=search_term_string\"}],\"inLanguage\":\"fr-FR\"},{\"@type\":\"WebPage\",\"@id\":\"https:\/\/access.rsb.rt5.ca\/fr\/ressources-covid\/#webpage\",\"url\":\"https:\/\/access.rsb.rt5.ca\/fr\/ressources-covid\/\",\"name\":\"Ressources (COVID-19) - Access\",\"isPartOf\":{\"@id\":\"https:\/\/access.rsb.rt5.ca\/#website\"},\"datePublished\":\"2020-04-29T14:14:43+00:00\",\"dateModified\":\"2021-09-29T14:32:12+00:00\",\"breadcrumb\":{\"@id\":\"https:\/\/access.rsb.rt5.ca\/fr\/ressources-covid\/#breadcrumb\"},\"inLanguage\":\"fr-FR\",\"potentialAction\":[{\"@type\":\"ReadAction\",\"target\":[\"https:\/\/access.rsb.rt5.ca\/fr\/ressources-covid\/\"]}]},{\"@type\":\"BreadcrumbList\",\"@id\":\"https:\/\/access.rsb.rt5.ca\/fr\/ressources-covid\/#breadcrumb\",\"itemListElement\":[{\"@type\":\"ListItem\",\"position\":1,\"name\":\"Accueil\",\"item\":\"https:\/\/access.rsb.rt5.ca\/fr\/\"},{\"@type\":\"ListItem\",\"position\":2,\"name\":\"Ressources (COVID-19)\"}]}]}<\/script>\n<!-- \/ Yoast SEO plugin. -->","yoast_head_json":{"title":"Ressources (COVID-19) - Access","robots":{"index":"index","follow":"follow","max-snippet":"max-snippet:-1","max-image-preview":"max-image-preview:large","max-video-preview":"max-video-preview:-1"},"canonical":"https:\/\/access.rsb.rt5.ca\/fr\/ressources-covid\/","og_locale":"fr_FR","og_type":"article","og_title":"Ressources (COVID-19) - Access","og_description":"Ressources en ligne pour les \u00e9l\u00e8ves Coronavirus: Bien que nos centres soient actuellement ferm\u00e9s en raison de ...","og_url":"https:\/\/access.rsb.rt5.ca\/fr\/ressources-covid\/","og_site_name":"Access","article_modified_time":"2021-09-29T14:32:12+00:00","twitter_card":"summary_large_image","schema":{"@context":"https:\/\/schema.org","@graph":[{"@type":"WebSite","@id":"https:\/\/access.rsb.rt5.ca\/#website","url":"https:\/\/access.rsb.rt5.ca\/","name":"Access","description":"Brillant comme vous l&#039;\u00eates","potentialAction":[{"@type":"SearchAction","target":{"@type":"EntryPoint","urlTemplate":"https:\/\/access.rsb.rt5.ca\/?s={search_term_string}"},"query-input":"required name=search_term_string"}],"inLanguage":"fr-FR"},{"@type":"WebPage","@id":"https:\/\/access.rsb.rt5.ca\/fr\/ressources-covid\/#webpage","url":"https:\/\/access.rsb.rt5.ca\/fr\/ressources-covid\/","name":"Ressources (COVID-19) - Access","isPartOf":{"@id":"https:\/\/access.rsb.rt5.ca\/#website"},"datePublished":"2020-04-29T14:14:43+00:00","dateModified":"2021-09-29T14:32:12+00:00","breadcrumb":{"@id":"https:\/\/access.rsb.rt5.ca\/fr\/ressources-covid\/#breadcrumb"},"inLanguage":"fr-FR","potentialAction":[{"@type":"ReadAction","target":["https:\/\/access.rsb.rt5.ca\/fr\/ressources-covid\/"]}]},{"@type":"BreadcrumbList","@id":"https:\/\/access.rsb.rt5.ca\/fr\/ressources-covid\/#breadcrumb","itemListElement":[{"@type":"ListItem","position":1,"name":"Accueil","item":"https:\/\/access.rsb.rt5.ca\/fr\/"},{"@type":"ListItem","position":2,"name":"Ressources (COVID-19)"}]}]}},"_links":{"self":[{"href":"https:\/\/access.rsb.rt5.ca\/fr\/wp-json\/wp\/v2\/pages\/3712"}],"collection":[{"href":"https:\/\/access.rsb.rt5.ca\/fr\/wp-json\/wp\/v2\/pages"}],"about":[{"href":"https:\/\/access.rsb.rt5.ca\/fr\/wp-json\/wp\/v2\/types\/page"}],"author":[{"embeddable":true,"href":"https:\/\/access.rsb.rt5.ca\/fr\/wp-json\/wp\/v2\/users\/4"}],"replies":[{"embeddable":true,"href":"https:\/\/access.rsb.rt5.ca\/fr\/wp-json\/wp\/v2\/comments?post=3712"}],"version-history":[{"count":10,"href":"https:\/\/access.rsb.rt5.ca\/fr\/wp-json\/wp\/v2\/pages\/3712\/revisions"}],"predecessor-version":[{"id":8969,"href":"https:\/\/access.rsb.rt5.ca\/fr\/wp-json\/wp\/v2\/pages\/3712\/revisions\/8969"}],"wp:attachment":[{"href":"https:\/\/access.rsb.rt5.ca\/fr\/wp-json\/wp\/v2\/media?parent=3712"}],"curies":[{"name":"wp","href":"https:\/\/api.w.org\/{rel}","templated":true}]}}