{"id":53,"date":"2018-07-18T15:05:49","date_gmt":"2018-07-18T19:05:49","guid":{"rendered":"https:\/\/staging.access-school.mysites.io\/?page_id=53"},"modified":"2022-03-07T15:41:37","modified_gmt":"2022-03-07T20:41:37","slug":"cours-de-langues","status":"publish","type":"page","link":"https:\/\/access.rsb.rt5.ca\/fr\/nos-programmes\/cours-de-langues\/","title":{"rendered":"Cours de langues"},"content":{"rendered":"","protected":false},"excerpt":{"rendered":"","protected":false},"author":1,"featured_media":559,"parent":9,"menu_order":0,"comment_status":"closed","ping_status":"closed","template":"template-courslangue.php","meta":[],"yoast_head":"<!-- This site is optimized with the Yoast SEO plugin v18.3 - https:\/\/yoast.com\/wordpress\/plugins\/seo\/ -->\n<title>Cours de Fran\u00e7ais et Anglais pour Adultes - ACCESS<\/title>\n<meta name=\"description\" content=\"Am\u00e9liorer vos comp\u00e9tences linguistiques! Access vous propose des cours d\u2019anglais et de fran\u00e7ais adapt\u00e9 \u00e0 vos besoins, selon votre niveau.\" \/>\n<meta name=\"robots\" content=\"index, follow, max-snippet:-1, max-image-preview:large, max-video-preview:-1\" \/>\n<link rel=\"canonical\" href=\"https:\/\/access.rsb.rt5.ca\/fr\/nos-programmes\/cours-de-langues\/\" \/>\n<meta property=\"og:locale\" content=\"fr_FR\" \/>\n<meta property=\"og:type\" content=\"article\" \/>\n<meta property=\"og:title\" content=\"Cours de Fran\u00e7ais et Anglais pour Adultes - ACCESS\" \/>\n<meta property=\"og:description\" content=\"Am\u00e9liorer vos comp\u00e9tences linguistiques! Access vous propose des cours d\u2019anglais et de fran\u00e7ais adapt\u00e9 \u00e0 vos besoins, selon votre niveau.\" \/>\n<meta property=\"og:url\" content=\"https:\/\/access.rsb.rt5.ca\/fr\/nos-programmes\/cours-de-langues\/\" \/>\n<meta property=\"og:site_name\" content=\"Access\" \/>\n<meta property=\"article:modified_time\" content=\"2022-03-07T20:41:37+00:00\" \/>\n<meta property=\"og:image\" content=\"https:\/\/access.rsb.rt5.ca\/wp-content\/uploads\/2018\/10\/tests-image-2.jpg\" \/>\n\t<meta property=\"og:image:width\" content=\"1600\" \/>\n\t<meta property=\"og:image:height\" content=\"678\" \/>\n\t<meta property=\"og:image:type\" content=\"image\/jpeg\" \/>\n<meta name=\"twitter:card\" content=\"summary_large_image\" \/>\n<script type=\"application\/ld+json\" class=\"yoast-schema-graph\">{\"@context\":\"https:\/\/schema.org\",\"@graph\":[{\"@type\":\"WebSite\",\"@id\":\"https:\/\/access.rsb.rt5.ca\/#website\",\"url\":\"https:\/\/access.rsb.rt5.ca\/\",\"name\":\"Access\",\"description\":\"Brillant comme vous l&#039;\u00eates\",\"potentialAction\":[{\"@type\":\"SearchAction\",\"target\":{\"@type\":\"EntryPoint\",\"urlTemplate\":\"https:\/\/access.rsb.rt5.ca\/?s={search_term_string}\"},\"query-input\":\"required name=search_term_string\"}],\"inLanguage\":\"fr-FR\"},{\"@type\":\"ImageObject\",\"@id\":\"https:\/\/access.rsb.rt5.ca\/fr\/nos-programmes\/cours-de-langues\/#primaryimage\",\"inLanguage\":\"fr-FR\",\"url\":\"https:\/\/access.rsb.rt5.ca\/wp-content\/uploads\/2018\/10\/tests-image-2.jpg\",\"contentUrl\":\"https:\/\/access.rsb.rt5.ca\/wp-content\/uploads\/2018\/10\/tests-image-2.jpg\",\"width\":1600,\"height\":678},{\"@type\":\"WebPage\",\"@id\":\"https:\/\/access.rsb.rt5.ca\/fr\/nos-programmes\/cours-de-langues\/#webpage\",\"url\":\"https:\/\/access.rsb.rt5.ca\/fr\/nos-programmes\/cours-de-langues\/\",\"name\":\"Cours de Fran\u00e7ais et Anglais pour Adultes - ACCESS\",\"isPartOf\":{\"@id\":\"https:\/\/access.rsb.rt5.ca\/#website\"},\"primaryImageOfPage\":{\"@id\":\"https:\/\/access.rsb.rt5.ca\/fr\/nos-programmes\/cours-de-langues\/#primaryimage\"},\"datePublished\":\"2018-07-18T19:05:49+00:00\",\"dateModified\":\"2022-03-07T20:41:37+00:00\",\"description\":\"Am\u00e9liorer vos comp\u00e9tences linguistiques! Access vous propose des cours d\u2019anglais et de fran\u00e7ais adapt\u00e9 \u00e0 vos besoins, selon votre niveau.\",\"breadcrumb\":{\"@id\":\"https:\/\/access.rsb.rt5.ca\/fr\/nos-programmes\/cours-de-langues\/#breadcrumb\"},\"inLanguage\":\"fr-FR\",\"potentialAction\":[{\"@type\":\"ReadAction\",\"target\":[\"https:\/\/access.rsb.rt5.ca\/fr\/nos-programmes\/cours-de-langues\/\"]}]},{\"@type\":\"BreadcrumbList\",\"@id\":\"https:\/\/access.rsb.rt5.ca\/fr\/nos-programmes\/cours-de-langues\/#breadcrumb\",\"itemListElement\":[{\"@type\":\"ListItem\",\"position\":1,\"name\":\"Accueil\",\"item\":\"https:\/\/access.rsb.rt5.ca\/fr\/\"},{\"@type\":\"ListItem\",\"position\":2,\"name\":\"Nos programmes\",\"item\":\"https:\/\/access.rsb.rt5.ca\/fr\/nos-programmes\/\"},{\"@type\":\"ListItem\",\"position\":3,\"name\":\"Cours de langues\"}]}]}<\/script>\n<!-- \/ Yoast SEO plugin. -->","yoast_head_json":{"title":"Cours de Fran\u00e7ais et Anglais pour Adultes - ACCESS","description":"Am\u00e9liorer vos comp\u00e9tences linguistiques! Access vous propose des cours d\u2019anglais et de fran\u00e7ais adapt\u00e9 \u00e0 vos besoins, selon votre niveau.","robots":{"index":"index","follow":"follow","max-snippet":"max-snippet:-1","max-image-preview":"max-image-preview:large","max-video-preview":"max-video-preview:-1"},"canonical":"https:\/\/access.rsb.rt5.ca\/fr\/nos-programmes\/cours-de-langues\/","og_locale":"fr_FR","og_type":"article","og_title":"Cours de Fran\u00e7ais et Anglais pour Adultes - ACCESS","og_description":"Am\u00e9liorer vos comp\u00e9tences linguistiques! Access vous propose des cours d\u2019anglais et de fran\u00e7ais adapt\u00e9 \u00e0 vos besoins, selon votre niveau.","og_url":"https:\/\/access.rsb.rt5.ca\/fr\/nos-programmes\/cours-de-langues\/","og_site_name":"Access","article_modified_time":"2022-03-07T20:41:37+00:00","og_image":[{"width":1600,"height":678,"url":"https:\/\/access.rsb.rt5.ca\/wp-content\/uploads\/2018\/10\/tests-image-2.jpg","type":"image\/jpeg"}],"twitter_card":"summary_large_image","schema":{"@context":"https:\/\/schema.org","@graph":[{"@type":"WebSite","@id":"https:\/\/access.rsb.rt5.ca\/#website","url":"https:\/\/access.rsb.rt5.ca\/","name":"Access","description":"Brillant comme vous l&#039;\u00eates","potentialAction":[{"@type":"SearchAction","target":{"@type":"EntryPoint","urlTemplate":"https:\/\/access.rsb.rt5.ca\/?s={search_term_string}"},"query-input":"required name=search_term_string"}],"inLanguage":"fr-FR"},{"@type":"ImageObject","@id":"https:\/\/access.rsb.rt5.ca\/fr\/nos-programmes\/cours-de-langues\/#primaryimage","inLanguage":"fr-FR","url":"https:\/\/access.rsb.rt5.ca\/wp-content\/uploads\/2018\/10\/tests-image-2.jpg","contentUrl":"https:\/\/access.rsb.rt5.ca\/wp-content\/uploads\/2018\/10\/tests-image-2.jpg","width":1600,"height":678},{"@type":"WebPage","@id":"https:\/\/access.rsb.rt5.ca\/fr\/nos-programmes\/cours-de-langues\/#webpage","url":"https:\/\/access.rsb.rt5.ca\/fr\/nos-programmes\/cours-de-langues\/","name":"Cours de Fran\u00e7ais et Anglais pour Adultes - ACCESS","isPartOf":{"@id":"https:\/\/access.rsb.rt5.ca\/#website"},"primaryImageOfPage":{"@id":"https:\/\/access.rsb.rt5.ca\/fr\/nos-programmes\/cours-de-langues\/#primaryimage"},"datePublished":"2018-07-18T19:05:49+00:00","dateModified":"2022-03-07T20:41:37+00:00","description":"Am\u00e9liorer vos comp\u00e9tences linguistiques! Access vous propose des cours d\u2019anglais et de fran\u00e7ais adapt\u00e9 \u00e0 vos besoins, selon votre niveau.","breadcrumb":{"@id":"https:\/\/access.rsb.rt5.ca\/fr\/nos-programmes\/cours-de-langues\/#breadcrumb"},"inLanguage":"fr-FR","potentialAction":[{"@type":"ReadAction","target":["https:\/\/access.rsb.rt5.ca\/fr\/nos-programmes\/cours-de-langues\/"]}]},{"@type":"BreadcrumbList","@id":"https:\/\/access.rsb.rt5.ca\/fr\/nos-programmes\/cours-de-langues\/#breadcrumb","itemListElement":[{"@type":"ListItem","position":1,"name":"Accueil","item":"https:\/\/access.rsb.rt5.ca\/fr\/"},{"@type":"ListItem","position":2,"name":"Nos programmes","item":"https:\/\/access.rsb.rt5.ca\/fr\/nos-programmes\/"},{"@type":"ListItem","position":3,"name":"Cours de langues"}]}]}},"_links":{"self":[{"href":"https:\/\/access.rsb.rt5.ca\/fr\/wp-json\/wp\/v2\/pages\/53"}],"collection":[{"href":"https:\/\/access.rsb.rt5.ca\/fr\/wp-json\/wp\/v2\/pages"}],"about":[{"href":"https:\/\/access.rsb.rt5.ca\/fr\/wp-json\/wp\/v2\/types\/page"}],"author":[{"embeddable":true,"href":"https:\/\/access.rsb.rt5.ca\/fr\/wp-json\/wp\/v2\/users\/1"}],"replies":[{"embeddable":true,"href":"https:\/\/access.rsb.rt5.ca\/fr\/wp-json\/wp\/v2\/comments?post=53"}],"version-history":[{"count":10,"href":"https:\/\/access.rsb.rt5.ca\/fr\/wp-json\/wp\/v2\/pages\/53\/revisions"}],"predecessor-version":[{"id":11556,"href":"https:\/\/access.rsb.rt5.ca\/fr\/wp-json\/wp\/v2\/pages\/53\/revisions\/11556"}],"up":[{"embeddable":true,"href":"https:\/\/access.rsb.rt5.ca\/fr\/wp-json\/wp\/v2\/pages\/9"}],"wp:featuredmedia":[{"embeddable":true,"href":"https:\/\/access.rsb.rt5.ca\/fr\/wp-json\/wp\/v2\/media\/559"}],"wp:attachment":[{"href":"https:\/\/access.rsb.rt5.ca\/fr\/wp-json\/wp\/v2\/media?parent=53"}],"curies":[{"name":"wp","href":"https:\/\/api.w.org\/{rel}","templated":true}]}}