{"id":7798,"date":"2021-06-09T12:51:12","date_gmt":"2021-06-09T16:51:12","guid":{"rendered":"https:\/\/access.rsb.rt5.ca\/?page_id=7798"},"modified":"2021-11-12T10:57:34","modified_gmt":"2021-11-12T15:57:34","slug":"stepping-stones","status":"publish","type":"page","link":"https:\/\/access.rsb.rt5.ca\/fr\/nos-programmes\/stepping-stones\/","title":{"rendered":"Formation pour un m\u00e9tier semi-sp\u00e9cialis\u00e9"},"content":{"rendered":"","protected":false},"excerpt":{"rendered":"","protected":false},"author":1,"featured_media":8714,"parent":9,"menu_order":0,"comment_status":"closed","ping_status":"closed","template":"template-travailleur-saisonnier.php","meta":[],"yoast_head":"<!-- This site is optimized with the Yoast SEO plugin v18.3 - https:\/\/yoast.com\/wordpress\/plugins\/seo\/ -->\n<title>Formation pour un m\u00e9tier semi-sp\u00e9cialis\u00e9 - Access<\/title>\n<meta name=\"robots\" content=\"index, follow, max-snippet:-1, max-image-preview:large, max-video-preview:-1\" \/>\n<link rel=\"canonical\" href=\"https:\/\/access.rsb.rt5.ca\/fr\/nos-programmes\/stepping-stones\/\" \/>\n<meta property=\"og:locale\" content=\"fr_FR\" \/>\n<meta property=\"og:type\" content=\"article\" \/>\n<meta property=\"og:title\" content=\"Formation pour un m\u00e9tier semi-sp\u00e9cialis\u00e9 - Access\" \/>\n<meta property=\"og:url\" content=\"https:\/\/access.rsb.rt5.ca\/fr\/nos-programmes\/stepping-stones\/\" \/>\n<meta property=\"og:site_name\" content=\"Access\" \/>\n<meta property=\"article:modified_time\" content=\"2021-11-12T15:57:34+00:00\" \/>\n<meta property=\"og:image\" content=\"https:\/\/access.rsb.rt5.ca\/wp-content\/uploads\/2021\/09\/Dare-to-be-brilliant.png\" \/>\n\t<meta property=\"og:image:width\" content=\"1640\" \/>\n\t<meta property=\"og:image:height\" content=\"924\" \/>\n\t<meta property=\"og:image:type\" content=\"image\/png\" \/>\n<meta name=\"twitter:card\" content=\"summary_large_image\" \/>\n<script type=\"application\/ld+json\" class=\"yoast-schema-graph\">{\"@context\":\"https:\/\/schema.org\",\"@graph\":[{\"@type\":\"WebSite\",\"@id\":\"https:\/\/access.rsb.rt5.ca\/#website\",\"url\":\"https:\/\/access.rsb.rt5.ca\/\",\"name\":\"Access\",\"description\":\"Brillant comme vous l&#039;\u00eates\",\"potentialAction\":[{\"@type\":\"SearchAction\",\"target\":{\"@type\":\"EntryPoint\",\"urlTemplate\":\"https:\/\/access.rsb.rt5.ca\/?s={search_term_string}\"},\"query-input\":\"required name=search_term_string\"}],\"inLanguage\":\"fr-FR\"},{\"@type\":\"ImageObject\",\"@id\":\"https:\/\/access.rsb.rt5.ca\/fr\/nos-programmes\/stepping-stones\/#primaryimage\",\"inLanguage\":\"fr-FR\",\"url\":\"https:\/\/access.rsb.rt5.ca\/wp-content\/uploads\/2021\/09\/Dare-to-be-brilliant.png\",\"contentUrl\":\"https:\/\/access.rsb.rt5.ca\/wp-content\/uploads\/2021\/09\/Dare-to-be-brilliant.png\",\"width\":1640,\"height\":924},{\"@type\":\"WebPage\",\"@id\":\"https:\/\/access.rsb.rt5.ca\/fr\/nos-programmes\/stepping-stones\/#webpage\",\"url\":\"https:\/\/access.rsb.rt5.ca\/fr\/nos-programmes\/stepping-stones\/\",\"name\":\"Formation pour un m\u00e9tier semi-sp\u00e9cialis\u00e9 - Access\",\"isPartOf\":{\"@id\":\"https:\/\/access.rsb.rt5.ca\/#website\"},\"primaryImageOfPage\":{\"@id\":\"https:\/\/access.rsb.rt5.ca\/fr\/nos-programmes\/stepping-stones\/#primaryimage\"},\"datePublished\":\"2021-06-09T16:51:12+00:00\",\"dateModified\":\"2021-11-12T15:57:34+00:00\",\"breadcrumb\":{\"@id\":\"https:\/\/access.rsb.rt5.ca\/fr\/nos-programmes\/stepping-stones\/#breadcrumb\"},\"inLanguage\":\"fr-FR\",\"potentialAction\":[{\"@type\":\"ReadAction\",\"target\":[\"https:\/\/access.rsb.rt5.ca\/fr\/nos-programmes\/stepping-stones\/\"]}]},{\"@type\":\"BreadcrumbList\",\"@id\":\"https:\/\/access.rsb.rt5.ca\/fr\/nos-programmes\/stepping-stones\/#breadcrumb\",\"itemListElement\":[{\"@type\":\"ListItem\",\"position\":1,\"name\":\"Accueil\",\"item\":\"https:\/\/access.rsb.rt5.ca\/fr\/\"},{\"@type\":\"ListItem\",\"position\":2,\"name\":\"Nos programmes\",\"item\":\"https:\/\/access.rsb.rt5.ca\/fr\/nos-programmes\/\"},{\"@type\":\"ListItem\",\"position\":3,\"name\":\"Formation pour un m\u00e9tier semi-sp\u00e9cialis\u00e9\"}]}]}<\/script>\n<!-- \/ Yoast SEO plugin. -->","yoast_head_json":{"title":"Formation pour un m\u00e9tier semi-sp\u00e9cialis\u00e9 - Access","robots":{"index":"index","follow":"follow","max-snippet":"max-snippet:-1","max-image-preview":"max-image-preview:large","max-video-preview":"max-video-preview:-1"},"canonical":"https:\/\/access.rsb.rt5.ca\/fr\/nos-programmes\/stepping-stones\/","og_locale":"fr_FR","og_type":"article","og_title":"Formation pour un m\u00e9tier semi-sp\u00e9cialis\u00e9 - Access","og_url":"https:\/\/access.rsb.rt5.ca\/fr\/nos-programmes\/stepping-stones\/","og_site_name":"Access","article_modified_time":"2021-11-12T15:57:34+00:00","og_image":[{"width":1640,"height":924,"url":"https:\/\/access.rsb.rt5.ca\/wp-content\/uploads\/2021\/09\/Dare-to-be-brilliant.png","type":"image\/png"}],"twitter_card":"summary_large_image","schema":{"@context":"https:\/\/schema.org","@graph":[{"@type":"WebSite","@id":"https:\/\/access.rsb.rt5.ca\/#website","url":"https:\/\/access.rsb.rt5.ca\/","name":"Access","description":"Brillant comme vous l&#039;\u00eates","potentialAction":[{"@type":"SearchAction","target":{"@type":"EntryPoint","urlTemplate":"https:\/\/access.rsb.rt5.ca\/?s={search_term_string}"},"query-input":"required name=search_term_string"}],"inLanguage":"fr-FR"},{"@type":"ImageObject","@id":"https:\/\/access.rsb.rt5.ca\/fr\/nos-programmes\/stepping-stones\/#primaryimage","inLanguage":"fr-FR","url":"https:\/\/access.rsb.rt5.ca\/wp-content\/uploads\/2021\/09\/Dare-to-be-brilliant.png","contentUrl":"https:\/\/access.rsb.rt5.ca\/wp-content\/uploads\/2021\/09\/Dare-to-be-brilliant.png","width":1640,"height":924},{"@type":"WebPage","@id":"https:\/\/access.rsb.rt5.ca\/fr\/nos-programmes\/stepping-stones\/#webpage","url":"https:\/\/access.rsb.rt5.ca\/fr\/nos-programmes\/stepping-stones\/","name":"Formation pour un m\u00e9tier semi-sp\u00e9cialis\u00e9 - Access","isPartOf":{"@id":"https:\/\/access.rsb.rt5.ca\/#website"},"primaryImageOfPage":{"@id":"https:\/\/access.rsb.rt5.ca\/fr\/nos-programmes\/stepping-stones\/#primaryimage"},"datePublished":"2021-06-09T16:51:12+00:00","dateModified":"2021-11-12T15:57:34+00:00","breadcrumb":{"@id":"https:\/\/access.rsb.rt5.ca\/fr\/nos-programmes\/stepping-stones\/#breadcrumb"},"inLanguage":"fr-FR","potentialAction":[{"@type":"ReadAction","target":["https:\/\/access.rsb.rt5.ca\/fr\/nos-programmes\/stepping-stones\/"]}]},{"@type":"BreadcrumbList","@id":"https:\/\/access.rsb.rt5.ca\/fr\/nos-programmes\/stepping-stones\/#breadcrumb","itemListElement":[{"@type":"ListItem","position":1,"name":"Accueil","item":"https:\/\/access.rsb.rt5.ca\/fr\/"},{"@type":"ListItem","position":2,"name":"Nos programmes","item":"https:\/\/access.rsb.rt5.ca\/fr\/nos-programmes\/"},{"@type":"ListItem","position":3,"name":"Formation pour un m\u00e9tier semi-sp\u00e9cialis\u00e9"}]}]}},"_links":{"self":[{"href":"https:\/\/access.rsb.rt5.ca\/fr\/wp-json\/wp\/v2\/pages\/7798"}],"collection":[{"href":"https:\/\/access.rsb.rt5.ca\/fr\/wp-json\/wp\/v2\/pages"}],"about":[{"href":"https:\/\/access.rsb.rt5.ca\/fr\/wp-json\/wp\/v2\/types\/page"}],"author":[{"embeddable":true,"href":"https:\/\/access.rsb.rt5.ca\/fr\/wp-json\/wp\/v2\/users\/1"}],"replies":[{"embeddable":true,"href":"https:\/\/access.rsb.rt5.ca\/fr\/wp-json\/wp\/v2\/comments?post=7798"}],"version-history":[{"count":7,"href":"https:\/\/access.rsb.rt5.ca\/fr\/wp-json\/wp\/v2\/pages\/7798\/revisions"}],"predecessor-version":[{"id":9406,"href":"https:\/\/access.rsb.rt5.ca\/fr\/wp-json\/wp\/v2\/pages\/7798\/revisions\/9406"}],"up":[{"embeddable":true,"href":"https:\/\/access.rsb.rt5.ca\/fr\/wp-json\/wp\/v2\/pages\/9"}],"wp:featuredmedia":[{"embeddable":true,"href":"https:\/\/access.rsb.rt5.ca\/fr\/wp-json\/wp\/v2\/media\/8714"}],"wp:attachment":[{"href":"https:\/\/access.rsb.rt5.ca\/fr\/wp-json\/wp\/v2\/media?parent=7798"}],"curies":[{"name":"wp","href":"https:\/\/api.w.org\/{rel}","templated":true}]}}