{"id":9863,"date":"2021-12-09T10:25:35","date_gmt":"2021-12-09T15:25:35","guid":{"rendered":"https:\/\/access.rsb.rt5.ca\/?page_id=9863"},"modified":"2021-12-09T10:25:35","modified_gmt":"2021-12-09T15:25:35","slug":"offres-demploi","status":"publish","type":"page","link":"https:\/\/access.rsb.rt5.ca\/fr\/a-propos\/offres-demploi\/","title":{"rendered":"Offres d&#8217;emploi"},"content":{"rendered":"<p><span data-offset-key=\"dslk4-0-0\">L&rsquo;\u00e9<\/span><span data-offset-key=\"dslk4-1-0\">quipe<\/span><span data-offset-key=\"dslk4-2-0\"> de la Commission scolaire Riverside s&rsquo;agrandit! Pour d\u00e9couvrir toutes les opportunit\u00e9s d&#8217;emploi disponibles chez ACCESS et \u00e0 travers la Commission scolaire Riverside, veuillez <a href=\"https:\/\/www.rsb.qc.ca\/fr\/emplois\/\" target=\"_blank\" rel=\"noopener\">visiter le site Web de la CSR<\/a>.<\/span><\/p>\n","protected":false},"excerpt":{"rendered":"<p>L&rsquo;\u00e9quipe de la Commission scolaire Riverside s&rsquo;agrandit! Pour d\u00e9couvrir toutes les opportunit\u00e9s d&#8217;emploi disponibles chez ACCESS et &#8230;<\/p>\n","protected":false},"author":1,"featured_media":553,"parent":7,"menu_order":0,"comment_status":"closed","ping_status":"closed","template":"template-procedure-examen-de-plaintes.php","meta":[],"yoast_head":"<!-- This site is optimized with the Yoast SEO plugin v18.3 - https:\/\/yoast.com\/wordpress\/plugins\/seo\/ -->\n<title>Offres d&#039;emploi - Access<\/title>\n<meta name=\"robots\" content=\"index, follow, max-snippet:-1, max-image-preview:large, max-video-preview:-1\" \/>\n<link rel=\"canonical\" href=\"https:\/\/access.rsb.rt5.ca\/fr\/a-propos\/offres-demploi\/\" \/>\n<meta property=\"og:locale\" content=\"fr_FR\" \/>\n<meta property=\"og:type\" content=\"article\" \/>\n<meta property=\"og:title\" content=\"Offres d&#039;emploi - Access\" \/>\n<meta property=\"og:description\" content=\"L&rsquo;\u00e9quipe de la Commission scolaire Riverside s&rsquo;agrandit! Pour d\u00e9couvrir toutes les opportunit\u00e9s d&#8217;emploi disponibles chez ACCESS et ...\" \/>\n<meta property=\"og:url\" content=\"https:\/\/access.rsb.rt5.ca\/fr\/a-propos\/offres-demploi\/\" \/>\n<meta property=\"og:site_name\" content=\"Access\" \/>\n<meta property=\"og:image\" content=\"https:\/\/access.rsb.rt5.ca\/wp-content\/uploads\/2018\/10\/sarca-image.jpg\" \/>\n\t<meta property=\"og:image:width\" content=\"1600\" \/>\n\t<meta property=\"og:image:height\" content=\"894\" \/>\n\t<meta property=\"og:image:type\" content=\"image\/jpeg\" \/>\n<meta name=\"twitter:card\" content=\"summary_large_image\" \/>\n<script type=\"application\/ld+json\" class=\"yoast-schema-graph\">{\"@context\":\"https:\/\/schema.org\",\"@graph\":[{\"@type\":\"WebSite\",\"@id\":\"https:\/\/access.rsb.rt5.ca\/#website\",\"url\":\"https:\/\/access.rsb.rt5.ca\/\",\"name\":\"Access\",\"description\":\"Brillant comme vous l&#039;\u00eates\",\"potentialAction\":[{\"@type\":\"SearchAction\",\"target\":{\"@type\":\"EntryPoint\",\"urlTemplate\":\"https:\/\/access.rsb.rt5.ca\/?s={search_term_string}\"},\"query-input\":\"required name=search_term_string\"}],\"inLanguage\":\"fr-FR\"},{\"@type\":\"ImageObject\",\"@id\":\"https:\/\/access.rsb.rt5.ca\/fr\/a-propos\/offres-demploi\/#primaryimage\",\"inLanguage\":\"fr-FR\",\"url\":\"https:\/\/access.rsb.rt5.ca\/wp-content\/uploads\/2018\/10\/sarca-image.jpg\",\"contentUrl\":\"https:\/\/access.rsb.rt5.ca\/wp-content\/uploads\/2018\/10\/sarca-image.jpg\",\"width\":1600,\"height\":894},{\"@type\":\"WebPage\",\"@id\":\"https:\/\/access.rsb.rt5.ca\/fr\/a-propos\/offres-demploi\/#webpage\",\"url\":\"https:\/\/access.rsb.rt5.ca\/fr\/a-propos\/offres-demploi\/\",\"name\":\"Offres d'emploi - Access\",\"isPartOf\":{\"@id\":\"https:\/\/access.rsb.rt5.ca\/#website\"},\"primaryImageOfPage\":{\"@id\":\"https:\/\/access.rsb.rt5.ca\/fr\/a-propos\/offres-demploi\/#primaryimage\"},\"datePublished\":\"2021-12-09T15:25:35+00:00\",\"dateModified\":\"2021-12-09T15:25:35+00:00\",\"breadcrumb\":{\"@id\":\"https:\/\/access.rsb.rt5.ca\/fr\/a-propos\/offres-demploi\/#breadcrumb\"},\"inLanguage\":\"fr-FR\",\"potentialAction\":[{\"@type\":\"ReadAction\",\"target\":[\"https:\/\/access.rsb.rt5.ca\/fr\/a-propos\/offres-demploi\/\"]}]},{\"@type\":\"BreadcrumbList\",\"@id\":\"https:\/\/access.rsb.rt5.ca\/fr\/a-propos\/offres-demploi\/#breadcrumb\",\"itemListElement\":[{\"@type\":\"ListItem\",\"position\":1,\"name\":\"Accueil\",\"item\":\"https:\/\/access.rsb.rt5.ca\/fr\/\"},{\"@type\":\"ListItem\",\"position\":2,\"name\":\"\u00c0 propos\",\"item\":\"https:\/\/access.rsb.rt5.ca\/fr\/a-propos\/\"},{\"@type\":\"ListItem\",\"position\":3,\"name\":\"Offres d&#8217;emploi\"}]}]}<\/script>\n<!-- \/ Yoast SEO plugin. -->","yoast_head_json":{"title":"Offres d'emploi - Access","robots":{"index":"index","follow":"follow","max-snippet":"max-snippet:-1","max-image-preview":"max-image-preview:large","max-video-preview":"max-video-preview:-1"},"canonical":"https:\/\/access.rsb.rt5.ca\/fr\/a-propos\/offres-demploi\/","og_locale":"fr_FR","og_type":"article","og_title":"Offres d'emploi - Access","og_description":"L&rsquo;\u00e9quipe de la Commission scolaire Riverside s&rsquo;agrandit! Pour d\u00e9couvrir toutes les opportunit\u00e9s d&#8217;emploi disponibles chez ACCESS et ...","og_url":"https:\/\/access.rsb.rt5.ca\/fr\/a-propos\/offres-demploi\/","og_site_name":"Access","og_image":[{"width":1600,"height":894,"url":"https:\/\/access.rsb.rt5.ca\/wp-content\/uploads\/2018\/10\/sarca-image.jpg","type":"image\/jpeg"}],"twitter_card":"summary_large_image","schema":{"@context":"https:\/\/schema.org","@graph":[{"@type":"WebSite","@id":"https:\/\/access.rsb.rt5.ca\/#website","url":"https:\/\/access.rsb.rt5.ca\/","name":"Access","description":"Brillant comme vous l&#039;\u00eates","potentialAction":[{"@type":"SearchAction","target":{"@type":"EntryPoint","urlTemplate":"https:\/\/access.rsb.rt5.ca\/?s={search_term_string}"},"query-input":"required name=search_term_string"}],"inLanguage":"fr-FR"},{"@type":"ImageObject","@id":"https:\/\/access.rsb.rt5.ca\/fr\/a-propos\/offres-demploi\/#primaryimage","inLanguage":"fr-FR","url":"https:\/\/access.rsb.rt5.ca\/wp-content\/uploads\/2018\/10\/sarca-image.jpg","contentUrl":"https:\/\/access.rsb.rt5.ca\/wp-content\/uploads\/2018\/10\/sarca-image.jpg","width":1600,"height":894},{"@type":"WebPage","@id":"https:\/\/access.rsb.rt5.ca\/fr\/a-propos\/offres-demploi\/#webpage","url":"https:\/\/access.rsb.rt5.ca\/fr\/a-propos\/offres-demploi\/","name":"Offres d'emploi - Access","isPartOf":{"@id":"https:\/\/access.rsb.rt5.ca\/#website"},"primaryImageOfPage":{"@id":"https:\/\/access.rsb.rt5.ca\/fr\/a-propos\/offres-demploi\/#primaryimage"},"datePublished":"2021-12-09T15:25:35+00:00","dateModified":"2021-12-09T15:25:35+00:00","breadcrumb":{"@id":"https:\/\/access.rsb.rt5.ca\/fr\/a-propos\/offres-demploi\/#breadcrumb"},"inLanguage":"fr-FR","potentialAction":[{"@type":"ReadAction","target":["https:\/\/access.rsb.rt5.ca\/fr\/a-propos\/offres-demploi\/"]}]},{"@type":"BreadcrumbList","@id":"https:\/\/access.rsb.rt5.ca\/fr\/a-propos\/offres-demploi\/#breadcrumb","itemListElement":[{"@type":"ListItem","position":1,"name":"Accueil","item":"https:\/\/access.rsb.rt5.ca\/fr\/"},{"@type":"ListItem","position":2,"name":"\u00c0 propos","item":"https:\/\/access.rsb.rt5.ca\/fr\/a-propos\/"},{"@type":"ListItem","position":3,"name":"Offres d&#8217;emploi"}]}]}},"_links":{"self":[{"href":"https:\/\/access.rsb.rt5.ca\/fr\/wp-json\/wp\/v2\/pages\/9863"}],"collection":[{"href":"https:\/\/access.rsb.rt5.ca\/fr\/wp-json\/wp\/v2\/pages"}],"about":[{"href":"https:\/\/access.rsb.rt5.ca\/fr\/wp-json\/wp\/v2\/types\/page"}],"author":[{"embeddable":true,"href":"https:\/\/access.rsb.rt5.ca\/fr\/wp-json\/wp\/v2\/users\/1"}],"replies":[{"embeddable":true,"href":"https:\/\/access.rsb.rt5.ca\/fr\/wp-json\/wp\/v2\/comments?post=9863"}],"version-history":[{"count":1,"href":"https:\/\/access.rsb.rt5.ca\/fr\/wp-json\/wp\/v2\/pages\/9863\/revisions"}],"predecessor-version":[{"id":9864,"href":"https:\/\/access.rsb.rt5.ca\/fr\/wp-json\/wp\/v2\/pages\/9863\/revisions\/9864"}],"up":[{"embeddable":true,"href":"https:\/\/access.rsb.rt5.ca\/fr\/wp-json\/wp\/v2\/pages\/7"}],"wp:featuredmedia":[{"embeddable":true,"href":"https:\/\/access.rsb.rt5.ca\/fr\/wp-json\/wp\/v2\/media\/553"}],"wp:attachment":[{"href":"https:\/\/access.rsb.rt5.ca\/fr\/wp-json\/wp\/v2\/media?parent=9863"}],"curies":[{"name":"wp","href":"https:\/\/api.w.org\/{rel}","templated":true}]}}